{"id":213,"date":"2018-09-05T19:31:25","date_gmt":"2018-09-05T19:31:25","guid":{"rendered":"http:\/\/www.judo-club-wetzlar.de\/?page_id=213"},"modified":"2018-11-02T11:47:41","modified_gmt":"2018-11-02T11:47:41","slug":"faq","status":"publish","type":"page","link":"https:\/\/www.judo-club-wetzlar.de\/?page_id=213","title":{"rendered":"FAQ"},"content":{"rendered":"<h3>Wer kann bei euch mitmachen?<\/h3>\n<p>Jeder der Lust auf Fitness, Krafttraining, nette Leute und Interesse an Kampfsport und Selbstverteidigung hat.<\/p>\n<p>M\u00e4nnlein\/Weiblein, jung\/alt, gro\u00df\/klein, dick\/d\u00fcnn komm einfach vorbei und mach ein Probetraining. Egal wie fit oder unfit du bist. Du wirst nat\u00fcrlich zu nichts gezwungen und solltest du dir eine \u00dcbung noch nicht zutrauen ist das gar kein Problem. Auch wir haben mal angefangen, genauso wie du.<\/p>\n<h3>Was soll ich anziehen?<\/h3>\n<p>F\u00fcr den Anfang gen\u00fcgt lockere, bequeme Sportkleidung. Wir trainieren barfu\u00df also empfehlen sich f\u00fcr den Weg von der Umkleide zum Dojo ein paar Badelatschen\/Flip-Flops.<\/p>\n<p>Sp\u00e4ter solltest du dir dann einen Ju-Jutsu oder Judo-Anzug zulegen. Sprech einfach deinen Trainer an (siehe auch n\u00e4chste Frage)<\/p>\n<h3>Brauch ich eine Schutzausr\u00fcstung und wo kriege ich so was her?<\/h3>\n<p>F\u00fcr deine ersten Trainings musst du dich nicht sofort mit Schutzausr\u00fcstung eindecken. Solltest du dich jedoch entscheiden dabei zu bleiben ist es nicht nur sinnvoll, sondern 100%ig erforderlich, dass du dir Schutzausr\u00fcstung besorgst. F\u00fcr den Anfang gen\u00fcgt da ein Schienbein- und Spannschutz, ein Zahnschutz sowie ein Handschutz. F\u00fcr die Jungs ist ein Tiefschutz sehr zu empfehlen.<\/p>\n<p>Wende dich an einen der Trainer, \u00fcber die kannst du die Schutzausr\u00fcstung und auch den Anzug bestellen. Wir bekommen n\u00e4mlich \u00fcber den Verein bei vielen Shops Prozente und so kommst du g\u00fcnstiger ran.<\/p>\n<h3>Muss ich Vereinsmitglied werden um bei euch zu trainieren?<\/h3>\n<p>F\u00fcr dein Probetraining muss du nat\u00fcrlich nicht sofort Mitglied werden. Wenn du dich allerdings entscheidest dabei zu bleiben, dann wirst du einfach Mitglied im Judo-Club-Wetzlar 1963 e.V. Dadurch erh\u00e4ltst du dann offiziell deinen Judo, Karate oder Ju-Jutsu Pass inklusive Jahressichtmarke in dem deine Pr\u00fcfungen, deine Lehrg\u00e4nge und Wettkampferfolge festgehalten werden.<\/p>\n<h3>Was kostet der ganze Spa\u00df?<\/h3>\n<p>Wir haben Sondertarife f\u00fcr Sch\u00fcler, Azubis, Studenten sowie Jugendliche bis 17 Jahre. Die Preise entnimmst du einfach untenstehenden Tabelle.<\/p>\n<p>Der Betrag wird viertelj\u00e4hrlich im Voraus abgebucht. Au\u00dferdem wird zu Beginn eine einmalige Aufnahmegeb\u00fchr von 36,00 \u20ac f\u00e4llig. Hier geht es zum Anmeldeformlar<\/p>\n<p>Gruppe monatlicher Beitrag<br \/>\nErwachsene (ab 18 Jahre) 12,00 \u20ac<br \/>\nSch\u00fcler, Azubis, Studenten 10,00 \u20ac<br \/>\nJugendliche 10,00 \u20ac<\/p>\n<h3>Muss ich an Wettk\u00e4mpfen teilnehmen?<\/h3>\n<p>Du kannst, du musst aber nicht. Wir nehmen regelm\u00e4\u00dfig mit allen Wettkampfinteressierten sehr erfolgreich an Wettk\u00e4mpfen teil, dort kannst du dich gerne anschlie\u00dfen. Wenn du das nicht m\u00f6chtest, dann tust du das halt nicht.<\/p>\n<h3>Muss ich im Training auch richtig k\u00e4mpfen?<\/h3>\n<p>Das Training ist so aufgebaut das immer wieder kleine Kampfeinheiten gemacht werden. Entweder nur im Stand, bzw. nur am Boden oder gleich in Kombination. Die Kampfeinheiten sind auch sinnvoll denn nur im Kampf oder situativ bedingten K\u00e4mpfen kannst du sehen, ob du das Erlernte auch anwenden kannst. Hier brauchst du keine Angst haben, dass du es nicht hinkriegst, es wird auf deinen Kenntnisstand eingegangen und du kannst dich langsam entwickeln.<\/p>\n<p>Sollte es dir absolut zuwider sein zu k\u00e4mpfen, dann ist Kampfsport vielleicht nicht die richtige Sportwahl f\u00fcr dich.<\/p>\n","protected":false},"excerpt":{"rendered":"<p>Wer kann bei euch mitmachen? Jeder der Lust auf Fitness, Krafttraining, nette Leute und Interesse an Kampfsport und Selbstverteidigung hat. M\u00e4nnlein\/Weiblein, jung\/alt, gro\u00df\/klein, dick\/d\u00fcnn komm einfach vorbei und mach ein Probetraining. Egal wie fit oder unfit du bist. Du wirst nat\u00fcrlich zu nichts gezwungen und solltest du dir eine \u00dcbung noch nicht zutrauen ist das &hellip; <a href=\"https:\/\/www.judo-club-wetzlar.de\/?page_id=213\" class=\"more-link\"><span class=\"screen-reader-text\">FAQ<\/span> weiterlesen<\/a><\/p>\n","protected":false},"author":2,"featured_media":0,"parent":0,"menu_order":0,"comment_status":"closed","ping_status":"closed","template":"","meta":{"jetpack_post_was_ever_published":false,"footnotes":""},"tags":[],"class_list":["post-213","page","type-page","status-publish","hentry","no-featured-image"],"jetpack_shortlink":"https:\/\/wp.me\/PaFs5A-3r","jetpack_sharing_enabled":true,"_links":{"self":[{"href":"https:\/\/www.judo-club-wetzlar.de\/index.php?rest_route=\/wp\/v2\/pages\/213","targetHints":{"allow":["GET"]}}],"collection":[{"href":"https:\/\/www.judo-club-wetzlar.de\/index.php?rest_route=\/wp\/v2\/pages"}],"about":[{"href":"https:\/\/www.judo-club-wetzlar.de\/index.php?rest_route=\/wp\/v2\/types\/page"}],"author":[{"embeddable":true,"href":"https:\/\/www.judo-club-wetzlar.de\/index.php?rest_route=\/wp\/v2\/users\/2"}],"replies":[{"embeddable":true,"href":"https:\/\/www.judo-club-wetzlar.de\/index.php?rest_route=%2Fwp%2Fv2%2Fcomments&post=213"}],"version-history":[{"count":5,"href":"https:\/\/www.judo-club-wetzlar.de\/index.php?rest_route=\/wp\/v2\/pages\/213\/revisions"}],"predecessor-version":[{"id":418,"href":"https:\/\/www.judo-club-wetzlar.de\/index.php?rest_route=\/wp\/v2\/pages\/213\/revisions\/418"}],"wp:attachment":[{"href":"https:\/\/www.judo-club-wetzlar.de\/index.php?rest_route=%2Fwp%2Fv2%2Fmedia&parent=213"}],"wp:term":[{"taxonomy":"post_tag","embeddable":true,"href":"https:\/\/www.judo-club-wetzlar.de\/index.php?rest_route=%2Fwp%2Fv2%2Ftags&post=213"}],"curies":[{"name":"wp","href":"https:\/\/api.w.org\/{rel}","templated":true}]}}