{"id":380,"date":"2018-11-02T11:13:25","date_gmt":"2018-11-02T11:13:25","guid":{"rendered":"http:\/\/www.judo-club-wetzlar.de\/?page_id=380"},"modified":"2018-11-02T11:30:08","modified_gmt":"2018-11-02T11:30:08","slug":"werte-des-judo","status":"publish","type":"page","link":"https:\/\/www.judo-club-wetzlar.de\/?page_id=380","title":{"rendered":"Werte des Judo"},"content":{"rendered":"<h3>B<img loading=\"lazy\" decoding=\"async\" class=\"size-full wp-image-386 alignright\" src=\"http:\/\/www.judo-club-wetzlar.de\/wp-content\/uploads\/2018\/11\/01-Bescheidenheit.gif\" alt=\"\" width=\"123\" height=\"150\" \/>escheidenheit<\/h3>\n<p>Spiele dich selbst nicht in den Vordergrund. Sprich \u00fcber deinen Erfolg nicht mit \u00dcbertreibung. Orientiere dich an den Besseren und nicht an denen, deren Leistungsstand du bereits erreichst hast.<\/p>\n<h3><img loading=\"lazy\" decoding=\"async\" class=\" wp-image-387 alignleft\" src=\"http:\/\/www.judo-club-wetzlar.de\/wp-content\/uploads\/2018\/11\/02-Bescheidenheit.gif\" alt=\"\" width=\"99\" height=\"111\" \/>Ehrlichkeit<\/h3>\n<p>K\u00e4mpfe fair, ohne unsportliche Handlungen und ohne Hintergedanken.<\/p>\n<h3><\/h3>\n<h3>Ernsthaftigkeit<img loading=\"lazy\" decoding=\"async\" class=\"size-full wp-image-388 alignright\" src=\"http:\/\/www.judo-club-wetzlar.de\/wp-content\/uploads\/2018\/11\/03-Ernsthaftigkeit.gif\" alt=\"\" width=\"147\" height=\"135\" \/><\/h3>\n<p>Sei bei allen \u00dcbungen und im Wettkampf konzentriert und voll bei der Sache. Entwickle eine positive Trainingseinstellung und \u00fcbe flei\u00dfig.<\/p>\n<h3><img loading=\"lazy\" decoding=\"async\" class=\" wp-image-389 alignleft\" src=\"http:\/\/www.judo-club-wetzlar.de\/wp-content\/uploads\/2018\/11\/04-Ernsthaftigkeit.gif\" alt=\"\" width=\"115\" height=\"124\" \/>Hilfsbereitschaft<\/h3>\n<p>Hilf deinem Partner, die Techniken korrekt zu erlernen. Sei ein guter Uke. Unterst\u00fctze als H\u00f6her-Graduierter oder Trainings-\u00c4lterer die Anf\u00e4nger. Hilf den Neuen, sich in der Gruppe zurecht zu finden.<\/p>\n<h3>H\u00f6flichkeit<img loading=\"lazy\" decoding=\"async\" class=\"size-full wp-image-390 alignright\" src=\"http:\/\/www.judo-club-wetzlar.de\/wp-content\/uploads\/2018\/11\/05-H\u00f6flichkeit.gif\" alt=\"\" width=\"186\" height=\"120\" \/><\/h3>\n<p>Behandle deine Trainingspartner und Wettkampfgegner wie Freunde. Zeige deinen Respekt gegen\u00fcber jedem Judo-\u00dcbenden durch eine ordentliche Verneigung.<\/p>\n<h3><img loading=\"lazy\" decoding=\"async\" class=\"size-full wp-image-391 alignleft\" src=\"http:\/\/www.judo-club-wetzlar.de\/wp-content\/uploads\/2018\/11\/06-H\u00f6flichkeit.gif\" alt=\"\" width=\"142\" height=\"135\" \/>Mut<\/h3>\n<p>Nimm im Randori und im Wettkampf dein Herz in die Hand. Gib dich niemals auf \u2013 auch nicht bei einer drohenden Niederlage oder bei einem scheinbar \u00fcberm\u00e4chtigen Gegner.<\/p>\n<h3><\/h3>\n<h3>Respekt<img loading=\"lazy\" decoding=\"async\" class=\"size-full wp-image-392 alignright\" src=\"http:\/\/www.judo-club-wetzlar.de\/wp-content\/uploads\/2018\/11\/07-H\u00f6flichkeit.gif\" alt=\"\" width=\"151\" height=\"160\" \/><\/h3>\n<p>Begegne deinem Lehrer\/deiner Lehrerin und den Trainings-\u00c4lteren zuvorkommend. Erkenne die Leistungen derjenigen an, die schon vor deiner Zeit Judo betrieben haben.<\/p>\n<h3><img loading=\"lazy\" decoding=\"async\" class=\" wp-image-393 alignleft\" src=\"http:\/\/www.judo-club-wetzlar.de\/wp-content\/uploads\/2018\/11\/08-Selbstbeherrschung.gif\" alt=\"\" width=\"133\" height=\"124\" \/>Selbstbeherrschung<\/h3>\n<p>Achte auf P\u00fcnktlichkeit und Disziplin bei Training und Wettkampf. Verliere auf der Matte nie die Beherrschung \u2013 auch nicht bei Situationen, die du als unfair empfindest.<\/p>\n<h3>Wertsch\u00e4tzung<img loading=\"lazy\" decoding=\"async\" class=\"size-full wp-image-394 alignright\" src=\"http:\/\/www.judo-club-wetzlar.de\/wp-content\/uploads\/2018\/11\/09-Wertsch\u00e4tzung.gif\" alt=\"\" width=\"167\" height=\"120\" \/><\/h3>\n<p>Erkenne die Leistung jedes anderen an, wenn dieser sich nach seinen M\u00f6glichkeiten ernsthaft anstrengt.<\/p>\n<h3><img loading=\"lazy\" decoding=\"async\" class=\"size-full wp-image-395 alignleft\" src=\"http:\/\/www.judo-club-wetzlar.de\/wp-content\/uploads\/2018\/11\/10-Freundschaft.gif\" alt=\"\" width=\"92\" height=\"135\" \/>Freundschaft<\/h3>\n<p>Achte all diese Werte und alle Menschen. Dann wirst Du beim Judo unweigerlich Freunde finden.<\/p>\n<h3>Zum Sinn und Zweck des Judo-Trainings hat Jigoro Kano, der Begr\u00fcnder des Kodokan-Judo gesagt:<\/h3>\n<p><em>\u201eJudo weist einen Weg zur optimalen Anwendung k\u00f6rperlicher und geistiger St\u00e4rke. Judo-\u00dcbungen l\u00e4utern deinen K\u00f6rper und deine Seele und helfen dir, den geistigen Inhalt des Judo zum Teil deines eigenen Ichs werden zu lassen. Dadurch gelingt es dir, dich zu vervollkommnen und etwas zum Wert der Welt beizutragen.\u201c<\/em><\/p>\n","protected":false},"excerpt":{"rendered":"<p>Bescheidenheit Spiele dich selbst nicht in den Vordergrund. Sprich \u00fcber deinen Erfolg nicht mit \u00dcbertreibung. Orientiere dich an den Besseren und nicht an denen, deren Leistungsstand du bereits erreichst hast. Ehrlichkeit K\u00e4mpfe fair, ohne unsportliche Handlungen und ohne Hintergedanken. Ernsthaftigkeit Sei bei allen \u00dcbungen und im Wettkampf konzentriert und voll bei der Sache. Entwickle eine &hellip; <a href=\"https:\/\/www.judo-club-wetzlar.de\/?page_id=380\" class=\"more-link\"><span class=\"screen-reader-text\">Werte des Judo<\/span> weiterlesen<\/a><\/p>\n","protected":false},"author":2,"featured_media":0,"parent":0,"menu_order":0,"comment_status":"closed","ping_status":"closed","template":"","meta":{"jetpack_post_was_ever_published":false,"footnotes":""},"tags":[],"class_list":["post-380","page","type-page","status-publish","hentry","no-featured-image"],"jetpack_shortlink":"https:\/\/wp.me\/PaFs5A-68","jetpack_sharing_enabled":true,"_links":{"self":[{"href":"https:\/\/www.judo-club-wetzlar.de\/index.php?rest_route=\/wp\/v2\/pages\/380","targetHints":{"allow":["GET"]}}],"collection":[{"href":"https:\/\/www.judo-club-wetzlar.de\/index.php?rest_route=\/wp\/v2\/pages"}],"about":[{"href":"https:\/\/www.judo-club-wetzlar.de\/index.php?rest_route=\/wp\/v2\/types\/page"}],"author":[{"embeddable":true,"href":"https:\/\/www.judo-club-wetzlar.de\/index.php?rest_route=\/wp\/v2\/users\/2"}],"replies":[{"embeddable":true,"href":"https:\/\/www.judo-club-wetzlar.de\/index.php?rest_route=%2Fwp%2Fv2%2Fcomments&post=380"}],"version-history":[{"count":21,"href":"https:\/\/www.judo-club-wetzlar.de\/index.php?rest_route=\/wp\/v2\/pages\/380\/revisions"}],"predecessor-version":[{"id":411,"href":"https:\/\/www.judo-club-wetzlar.de\/index.php?rest_route=\/wp\/v2\/pages\/380\/revisions\/411"}],"wp:attachment":[{"href":"https:\/\/www.judo-club-wetzlar.de\/index.php?rest_route=%2Fwp%2Fv2%2Fmedia&parent=380"}],"wp:term":[{"taxonomy":"post_tag","embeddable":true,"href":"https:\/\/www.judo-club-wetzlar.de\/index.php?rest_route=%2Fwp%2Fv2%2Ftags&post=380"}],"curies":[{"name":"wp","href":"https:\/\/api.w.org\/{rel}","templated":true}]}}