{"id":39,"date":"2018-09-02T20:48:33","date_gmt":"2018-09-02T20:48:33","guid":{"rendered":"http:\/\/www.judo-club-wetzlar.de\/?page_id=39"},"modified":"2018-12-18T22:47:51","modified_gmt":"2018-12-18T22:47:51","slug":"judo","status":"publish","type":"page","link":"https:\/\/www.judo-club-wetzlar.de\/?page_id=39","title":{"rendered":"Judo"},"content":{"rendered":"<h3>Was ist Judo ?<\/h3>\n<p>Judo ist eine Sportart in der K\u00f6rper, Geist, Gleichgewicht, Ausdauer und vieles mehr trainiert werden.<\/p>\n<h3>Zielsetzung des Judo-Trainings beim JC Wetzlar<\/h3>\n<p>In der Anf\u00e4ngergruppe werden neben der k\u00f6rperlichen Fitness wie Kraft und Ausdauer, die K\u00f6rperbeherrschung sowie Koordinationsf\u00e4higkeiten, der Gleichgewichtssinn und Konzentration mit und ohne Partner erlernt. Dazu geh\u00f6ren neben der Gymnastik und der Fallschule auch erste Kontakte und das Werfen sowie das sichere Festhalten von einem Trainingspartner.<br \/>\nIn der Fortgeschrittenengruppe werden die erlernten Kenntnisse erweitert, und neue Techniken erlernt. Au\u00dferdem kommt das Kampftraining dazu, wo gleichzeitig Ausdauer, Schnelligkeit und Kraft als Teil einer optimalen Vorbereitung antrainiert wird. Dies ist aber keine Pflicht, sondern nur ein zus\u00e4tzliches Angebot im Trainingsbetrieb.<\/p>\n<table border=\"0\">\n<tbody>\n<tr>\n<td width=\"50%\"><img loading=\"lazy\" decoding=\"async\" class=\"size-medium wp-image-309 aligncenter\" src=\"http:\/\/www.judo-club-wetzlar.de\/wp-content\/uploads\/2018\/11\/Judo-4.jpg\" alt=\"\" width=\"300\" height=\"200\" \/><\/td>\n<td width=\"50%\"><img loading=\"lazy\" decoding=\"async\" class=\"size-medium wp-image-310 aligncenter\" src=\"http:\/\/www.judo-club-wetzlar.de\/wp-content\/uploads\/2018\/11\/Judo-2.jpg\" alt=\"\" width=\"300\" height=\"200\" \/><\/td>\n<\/tr>\n<\/tbody>\n<\/table>\n<h3>Judo f\u00f6rdert<\/h3>\n<p>Das Sch\u00f6ne an Judo ist, dass es den Judoka sowohl k\u00f6rperlich als auch seelisch st\u00e4rkt.<br \/>\nDie vielen, unterschiedlichen und zum Teil recht komplexen \u00dcbungen sorgen f\u00fcr stetige Herausforderungen f\u00fcr die Sportler. Man macht schnell erste Erfolge und entwickelt sich weiter, was Motivation gibt, dran zu bleiben. Die Prinzipien mit dem Partner zu lernen, auf ihn aufzupassen und nicht zu verletzen lehren nicht nur unseren j\u00fcngeren Sportlern H\u00f6flichkeit, R\u00fccksichtnahme und Aufmerksamkeit.<br \/>\nJudo st\u00e4rkt das Herz- Kreislauf- System, die Motorik, das Gleichgewicht, Kondition und Koordination. Au\u00dferdem werden alle Muskelgruppen trainiert. Judo ist also Sport f\u00fcr den ganzen K\u00f6rper.<br \/>\nWir hoffen, dass wir Dein Interesse f\u00fcr Judo erwecken konnten und dass wir dich bald als Judoka im JC Wetzlar begr\u00fc\u00dfen k\u00f6nnen! Schaue doch einfach mal in einem kostenlosen Probetraining vorbei. Die Zeiten, zu welchen wir trainieren, findest du <a href=\"http:\/\/www.judo-club-wetzlar.de\/?page_id=55\">hier<\/a>!<\/p>\n<table border=\"0\">\n<tbody>\n<tr>\n<td width=\"50%\"><img loading=\"lazy\" decoding=\"async\" class=\"size-medium wp-image-309 aligncenter\" src=\"http:\/\/www.judo-club-wetzlar.de\/wp-content\/uploads\/2018\/12\/Uchi-mata1.jpg\" width=\"300\" height=\"200\" \/><\/td>\n<td width=\"50%\"><img loading=\"lazy\" decoding=\"async\" class=\"size-medium wp-image-310 aligncenter\" src=\"http:\/\/www.judo-club-wetzlar.de\/wp-content\/uploads\/2018\/12\/O-goshi1.jpg\" width=\"300\" height=\"200\" \/><\/td>\n<\/tr>\n<\/tbody>\n<\/table>\n<p>&nbsp;<\/p>\n<h3>Ist Judo gef\u00e4hrlich?<\/h3>\n<p>Viele Eltern, die mit ihren Kindern zu einem Probetraining kommen, fragen uns, wie gef\u00e4hrlich Judo eigentlich ist.<br \/>\nNun, Judo ist ein Kampfsport und hat auch W\u00fcrfe und Techniken, welche nicht ohne sind. Aber es wird nat\u00fcrlich alles Schritt f\u00fcr Schritt gelernt und dabei wird auf das Alter\/die Vernunft und das K\u00f6nnen jedes Einzelnen geachtet. Wir sind der Meinung, dass Judo sogar das Verletzungsrisiko im Alltag verkleinern kann. Warum? Das kannst Du beim Lesen der Judo-Werte weiter unten sehen oder w\u00e4hrend des Probetrainings sehr leicht und schnell verstehen. Termine unserer Trainingseinheiten findest Du hier!<\/p>\n<p>Wer mehr \u00fcber die Werte des Judo finden m\u00f6chte findet dies <a href=\"http:\/\/www.judo-club-wetzlar.de\/?page_id=380\">hier<\/a>.<\/p>\n<p>Das Pr\u00fcfungspogramm des DJB f\u00fcr die Kyu-Grade kann <a href=\"https:\/\/www.judobund.de\/fileadmin\/_horusdam\/2860-Pruefung_16-11-2014.pdf\">hier<\/a> eingesehen werden.<\/p>\n<p>Weiterhin m\u00f6chten wir auf die Webauftritte von <a href=\"https:\/\/www.judobund.de\/aktuelles\/\">DJB<\/a> und <a href=\"https:\/\/hessenjudo.de\/\">HJB<\/a> verweisen.<\/p>\n","protected":false},"excerpt":{"rendered":"<p>Was ist Judo ? Judo ist eine Sportart in der K\u00f6rper, Geist, Gleichgewicht, Ausdauer und vieles mehr trainiert werden. Zielsetzung des Judo-Trainings beim JC Wetzlar In der Anf\u00e4ngergruppe werden neben der k\u00f6rperlichen Fitness wie Kraft und Ausdauer, die K\u00f6rperbeherrschung sowie Koordinationsf\u00e4higkeiten, der Gleichgewichtssinn und Konzentration mit und ohne Partner erlernt. Dazu geh\u00f6ren neben der Gymnastik &hellip; <a href=\"https:\/\/www.judo-club-wetzlar.de\/?page_id=39\" class=\"more-link\"><span class=\"screen-reader-text\">Judo<\/span> weiterlesen<\/a><\/p>\n","protected":false},"author":2,"featured_media":0,"parent":0,"menu_order":0,"comment_status":"closed","ping_status":"closed","template":"","meta":{"jetpack_post_was_ever_published":false,"footnotes":""},"tags":[],"class_list":["post-39","page","type-page","status-publish","hentry","no-featured-image"],"jetpack_shortlink":"https:\/\/wp.me\/PaFs5A-D","jetpack_sharing_enabled":true,"_links":{"self":[{"href":"https:\/\/www.judo-club-wetzlar.de\/index.php?rest_route=\/wp\/v2\/pages\/39","targetHints":{"allow":["GET"]}}],"collection":[{"href":"https:\/\/www.judo-club-wetzlar.de\/index.php?rest_route=\/wp\/v2\/pages"}],"about":[{"href":"https:\/\/www.judo-club-wetzlar.de\/index.php?rest_route=\/wp\/v2\/types\/page"}],"author":[{"embeddable":true,"href":"https:\/\/www.judo-club-wetzlar.de\/index.php?rest_route=\/wp\/v2\/users\/2"}],"replies":[{"embeddable":true,"href":"https:\/\/www.judo-club-wetzlar.de\/index.php?rest_route=%2Fwp%2Fv2%2Fcomments&post=39"}],"version-history":[{"count":12,"href":"https:\/\/www.judo-club-wetzlar.de\/index.php?rest_route=\/wp\/v2\/pages\/39\/revisions"}],"predecessor-version":[{"id":515,"href":"https:\/\/www.judo-club-wetzlar.de\/index.php?rest_route=\/wp\/v2\/pages\/39\/revisions\/515"}],"wp:attachment":[{"href":"https:\/\/www.judo-club-wetzlar.de\/index.php?rest_route=%2Fwp%2Fv2%2Fmedia&parent=39"}],"wp:term":[{"taxonomy":"post_tag","embeddable":true,"href":"https:\/\/www.judo-club-wetzlar.de\/index.php?rest_route=%2Fwp%2Fv2%2Ftags&post=39"}],"curies":[{"name":"wp","href":"https:\/\/api.w.org\/{rel}","templated":true}]}}