{"id":471,"date":"2018-11-19T11:54:03","date_gmt":"2018-11-19T11:54:03","guid":{"rendered":"http:\/\/www.judo-club-wetzlar.de\/?page_id=471"},"modified":"2018-11-19T11:59:12","modified_gmt":"2018-11-19T11:59:12","slug":"ju-jutsu","status":"publish","type":"page","link":"https:\/\/www.judo-club-wetzlar.de\/?page_id=471","title":{"rendered":"Ju Jutsu"},"content":{"rendered":"<p>Ju-Jutsu ist moderne Selbstverteidigung (SV) und Zweikampfsport, der in sich Elemente unterschiedlicher Zweikampfsport- und Selbstverteidigungssysteme<br \/>\nvereint bzw. weiterentwickelt hat. Ju-Jutsu ist ein sich st\u00e4ndig anpassendes System, das sich den aktuellen Gegebenheiten der Gewaltpr\u00e4vention, SV und Zweikampfes \u00f6ffnet und diese annimmt.<\/p>\n<table border=\"0\">\n<tbody>\n<tr>\n<td width=\"50%\"><img loading=\"lazy\" decoding=\"async\" class=\"alignnone wp-image-476 size-large\" src=\"http:\/\/www.judo-club-wetzlar.de\/wp-content\/uploads\/2018\/11\/Atemi-1-1024x682.jpg\" alt=\"\" width=\"712\" height=\"474\" srcset=\"https:\/\/www.judo-club-wetzlar.de\/wp-content\/uploads\/2018\/11\/Atemi-1-1024x682.jpg 1024w, https:\/\/www.judo-club-wetzlar.de\/wp-content\/uploads\/2018\/11\/Atemi-1-300x200.jpg 300w, https:\/\/www.judo-club-wetzlar.de\/wp-content\/uploads\/2018\/11\/Atemi-1-768x512.jpg 768w, https:\/\/www.judo-club-wetzlar.de\/wp-content\/uploads\/2018\/11\/Atemi-1-1080x720.jpg 1080w, https:\/\/www.judo-club-wetzlar.de\/wp-content\/uploads\/2018\/11\/Atemi-1.jpg 2000w\" sizes=\"auto, (max-width: 712px) 100vw, 712px\" \/><\/td>\n<td width=\"50%\"><img loading=\"lazy\" decoding=\"async\" class=\"alignnone wp-image-475 size-large\" src=\"http:\/\/www.judo-club-wetzlar.de\/wp-content\/uploads\/2018\/11\/Ju-Jutsu-2-1024x682.jpg\" alt=\"\" width=\"712\" height=\"474\" srcset=\"https:\/\/www.judo-club-wetzlar.de\/wp-content\/uploads\/2018\/11\/Ju-Jutsu-2-1024x682.jpg 1024w, https:\/\/www.judo-club-wetzlar.de\/wp-content\/uploads\/2018\/11\/Ju-Jutsu-2-300x200.jpg 300w, https:\/\/www.judo-club-wetzlar.de\/wp-content\/uploads\/2018\/11\/Ju-Jutsu-2-768x512.jpg 768w, https:\/\/www.judo-club-wetzlar.de\/wp-content\/uploads\/2018\/11\/Ju-Jutsu-2-1080x720.jpg 1080w, https:\/\/www.judo-club-wetzlar.de\/wp-content\/uploads\/2018\/11\/Ju-Jutsu-2.jpg 2000w\" sizes=\"auto, (max-width: 712px) 100vw, 712px\" \/><\/td>\n<\/tr>\n<\/tbody>\n<\/table>\n<p>Wir geh\u00f6ren dem Hessischen- sowie Deutschen Ju-Jutsu Verband an und profitieren davon, dass deutschlandweit und heimatnah viele Lehrg\u00e4nge, Fortbildungen und Pr\u00fcfungen angeboten werden.<\/p>\n<p>Da Ju-Jutsu bei vielen Polizeien der L\u00e4nder Lehrinhalt ist, erf\u00e4hrt unser SV-System eine praxis- und realit\u00e4tsnahe Anwendung unter dem Grundsatz der Verh\u00e4ltnism\u00e4\u00dfigkeit.<\/p>\n","protected":false},"excerpt":{"rendered":"<p>Ju-Jutsu ist moderne Selbstverteidigung (SV) und Zweikampfsport, der in sich Elemente unterschiedlicher Zweikampfsport- und Selbstverteidigungssysteme vereint bzw. weiterentwickelt hat. Ju-Jutsu ist ein sich st\u00e4ndig anpassendes System, das sich den aktuellen Gegebenheiten der Gewaltpr\u00e4vention, SV und Zweikampfes \u00f6ffnet und diese annimmt. Wir geh\u00f6ren dem Hessischen- sowie Deutschen Ju-Jutsu Verband an und profitieren davon, dass deutschlandweit und &hellip; <a href=\"https:\/\/www.judo-club-wetzlar.de\/?page_id=471\" class=\"more-link\"><span class=\"screen-reader-text\">Ju Jutsu<\/span> weiterlesen<\/a><\/p>\n","protected":false},"author":2,"featured_media":0,"parent":0,"menu_order":0,"comment_status":"closed","ping_status":"closed","template":"","meta":{"jetpack_post_was_ever_published":false,"footnotes":""},"tags":[],"class_list":["post-471","page","type-page","status-publish","hentry","no-featured-image"],"jetpack_shortlink":"https:\/\/wp.me\/PaFs5A-7B","jetpack_sharing_enabled":true,"_links":{"self":[{"href":"https:\/\/www.judo-club-wetzlar.de\/index.php?rest_route=\/wp\/v2\/pages\/471","targetHints":{"allow":["GET"]}}],"collection":[{"href":"https:\/\/www.judo-club-wetzlar.de\/index.php?rest_route=\/wp\/v2\/pages"}],"about":[{"href":"https:\/\/www.judo-club-wetzlar.de\/index.php?rest_route=\/wp\/v2\/types\/page"}],"author":[{"embeddable":true,"href":"https:\/\/www.judo-club-wetzlar.de\/index.php?rest_route=\/wp\/v2\/users\/2"}],"replies":[{"embeddable":true,"href":"https:\/\/www.judo-club-wetzlar.de\/index.php?rest_route=%2Fwp%2Fv2%2Fcomments&post=471"}],"version-history":[{"count":6,"href":"https:\/\/www.judo-club-wetzlar.de\/index.php?rest_route=\/wp\/v2\/pages\/471\/revisions"}],"predecessor-version":[{"id":479,"href":"https:\/\/www.judo-club-wetzlar.de\/index.php?rest_route=\/wp\/v2\/pages\/471\/revisions\/479"}],"wp:attachment":[{"href":"https:\/\/www.judo-club-wetzlar.de\/index.php?rest_route=%2Fwp%2Fv2%2Fmedia&parent=471"}],"wp:term":[{"taxonomy":"post_tag","embeddable":true,"href":"https:\/\/www.judo-club-wetzlar.de\/index.php?rest_route=%2Fwp%2Fv2%2Ftags&post=471"}],"curies":[{"name":"wp","href":"https:\/\/api.w.org\/{rel}","templated":true}]}}